{"id":174,"date":"2026-01-29T01:25:30","date_gmt":"2026-01-29T00:25:30","guid":{"rendered":"http:\/\/neu.borkumer-wohnraumgenossenschaft.de\/?page_id=174"},"modified":"2026-03-18T16:01:31","modified_gmt":"2026-03-18T15:01:31","slug":"entwicklung","status":"publish","type":"page","link":"https:\/\/borkumer-wohnraumgenossenschaft.de\/?page_id=174","title":{"rendered":"Entwicklung"},"content":{"rendered":"\t\t<div data-elementor-type=\"wp-page\" data-elementor-id=\"174\" class=\"elementor elementor-174\" data-elementor-post-type=\"page\">\n\t\t\t\t<div class=\"elementor-element elementor-element-e6935a0 e-flex e-con-boxed e-con e-parent\" data-id=\"e6935a0\" data-element_type=\"container\" data-e-type=\"container\">\n\t\t\t\t\t<div class=\"e-con-inner\">\n\t\t\t\t<div class=\"elementor-element elementor-element-27d6a7a elementor-widget elementor-widget-spacer\" data-id=\"27d6a7a\" data-element_type=\"widget\" data-e-type=\"widget\" data-widget_type=\"spacer.default\">\n\t\t\t\t\t\t\t<div class=\"elementor-spacer\">\n\t\t\t<div class=\"elementor-spacer-inner\"><\/div>\n\t\t<\/div>\n\t\t\t\t\t\t<\/div>\n\t\t\t\t\t<\/div>\n\t\t\t\t<\/div>\n\t\t<div class=\"elementor-element elementor-element-1a039a5 e-flex e-con-boxed e-con e-parent\" data-id=\"1a039a5\" data-element_type=\"container\" data-e-type=\"container\">\n\t\t\t\t\t<div class=\"e-con-inner\">\n\t\t\t\t<div class=\"elementor-element elementor-element-c339cd9 elementor-widget elementor-widget-html\" data-id=\"c339cd9\" data-element_type=\"widget\" data-e-type=\"widget\" data-widget_type=\"html.default\">\n\t\t\t\t\t<section class=\"bw-section bw-development\" aria-labelledby=\"entwicklung-heading\">\r\n  <div class=\"bw-section-inner bw-development-inner\">\r\n\r\n    <!-- \u00dcberschrift zentriert -->\r\n    <header class=\"bw-section-header bw-development-header\">\r\n      <div class=\"bw-section-title-wrap\">\r\n        <h2 id=\"entwicklung-heading\">Die Entwicklung<\/h2>\r\n      <\/div>\r\n      <p class=\"lead\">\r\n        Wie die Borkumer Wohnraumgenossenschaft eG entstanden ist \u2014 ein kurzer \u00dcberblick \u00fcber die Gr\u00fcndungsschritte.\r\n      <\/p>\r\n    <\/header>\r\n\r\n\r\n    <ul class=\"timeline\" aria-label=\"Zeitleiste Gr\u00fcndung\">\r\n      <li>\r\n        <span class=\"date\">Mitte 2023<\/span>\r\n        <div>Ein kleines Team formierte sich, erkannte den Nutzen einer Genossenschaft f\u00fcr Borkum und startete die\r\n          Gr\u00fcndungsphase. F\u00f6rdermittel des Landes Niedersachsen wurden beantragt und der Genossenschaftsverband\r\n          Weser-Ems eingebunden.<\/div>\r\n      <\/li>\r\n\r\n      <li>\r\n        <span class=\"date\">2023\u20132024<\/span>\r\n        <div>Businessplan und Satzung wurden erarbeitet. Aufgrund hoher Immobilienpreise, steigender Zinsen und\r\n          gestiegener Kosten sah der Verband die Gr\u00fcndung zun\u00e4chst kritisch \u2014 insbesondere wegen der Frage, ob\r\n          ausreichend Mitgliederkapital zur Verf\u00fcgung stehen w\u00fcrde. Das Gr\u00fcndungsteam arbeitete engagiert daran,\r\n          offene Fragen zu kl\u00e4ren.<\/div>\r\n      <\/li>\r\n\r\n      <li>\r\n        <span class=\"date\">Juni 2024<\/span>\r\n        <div>Zur Mitgliedergewinnung organisierte das Team eine Informationsveranstaltung in der Kulturinsel Borkum.\r\n          Die \u00f6ffentliche Resonanz war deutlich gr\u00f6\u00dfer als erwartet und \u00fcberzeugte den Genossenschaftsverband von der\r\n          Unterst\u00fctzungsbereitschaft in der Bev\u00f6lkerung.<\/div>\r\n      <\/li>\r\n\r\n      <li>\r\n        <span class=\"date\">31.08.2024<\/span>\r\n        <div>Die Gr\u00fcndungsversammlung fand statt: Zehn Gr\u00fcndungsmitglieder schufen formell die Borkumer\r\n          Wohnraumgenossenschaft.<\/div>\r\n      <\/li>\r\n\r\n      <li>\r\n        <span class=\"date\">Herbst 2024 \u2013 Februar 2025<\/span>\r\n        <div>Die Eintragung ins Handelsregister verz\u00f6gerte sich: Nach R\u00fcckfragen des Amtsgerichts mussten Unterlagen\r\n          nachgereicht werden. Nach weiterer Abstimmung mit dem Verband kam es im Februar 2025 schlie\u00dflich zur\r\n          Eintragung und damit zur Rechtsf\u00e4higkeit der Genossenschaft.<\/div>\r\n      <\/li>\r\n\r\n      <li>\r\n        <span class=\"date\">M\u00e4rz 2025<\/span>\r\n        <div>Die nun rechtsf\u00e4hige Genossenschaft wurde \u00f6ffentlich vorgestellt; die Pr\u00e4sentation konnte auch per\r\n          Videostream verfolgt werden.<\/div>\r\n      <\/li>\r\n    <\/ul>\r\n\r\n    <p class=\"story muted\">\r\n      Aktuelle Informationen und Neuigkeiten finden Sie wie gewohnt unter \u201eAktuelles\u201c auf unserer Webseite.\r\n    <\/p>\r\n\r\n  <\/div>\r\n<\/section>\r\n\t\t\t\t<\/div>\n\t\t\t\t\t<\/div>\n\t\t\t\t<\/div>\n\t\t<div class=\"elementor-element elementor-element-d11cff0 e-flex e-con-boxed e-con e-parent\" data-id=\"d11cff0\" data-element_type=\"container\" data-e-type=\"container\">\n\t\t\t\t\t<div class=\"e-con-inner\">\n\t\t\t\t<div class=\"elementor-element elementor-element-5f522f9 elementor-widget elementor-widget-spacer\" data-id=\"5f522f9\" data-element_type=\"widget\" data-e-type=\"widget\" data-widget_type=\"spacer.default\">\n\t\t\t\t\t\t\t<div class=\"elementor-spacer\">\n\t\t\t<div class=\"elementor-spacer-inner\"><\/div>\n\t\t<\/div>\n\t\t\t\t\t\t<\/div>\n\t\t\t\t\t<\/div>\n\t\t\t\t<\/div>\n\t\t\t\t<\/div>\n\t\t","protected":false},"excerpt":{"rendered":"<p>Die Entwicklung Wie die Borkumer Wohnraumgenossenschaft eG entstanden ist \u2014 ein kurzer \u00dcberblick \u00fcber die Gr\u00fcndungsschritte. Mitte 2023 Ein kleines [&hellip;]<\/p>\n","protected":false},"author":1,"featured_media":0,"parent":0,"menu_order":0,"comment_status":"closed","ping_status":"closed","template":"elementor_header_footer","meta":{"site-sidebar-layout":"no-sidebar","site-content-layout":"","ast-site-content-layout":"full-width-container","site-content-style":"default","site-sidebar-style":"default","ast-global-header-display":"","ast-banner-title-visibility":"","ast-main-header-display":"","ast-hfb-above-header-display":"","ast-hfb-below-header-display":"","ast-hfb-mobile-header-display":"","site-post-title":"","ast-breadcrumbs-content":"","ast-featured-img":"disabled","footer-sml-layout":"","ast-disable-related-posts":"","theme-transparent-header-meta":"","adv-header-id-meta":"","stick-header-meta":"","header-above-stick-meta":"","header-main-stick-meta":"","header-below-stick-meta":"","astra-migrate-meta-layouts":"default","ast-page-background-enabled":"default","ast-page-background-meta":{"desktop":{"background-color":"var(--ast-global-color-5)","background-image":"","background-repeat":"repeat","background-position":"center center","background-size":"auto","background-attachment":"scroll","background-type":"","background-media":"","overlay-type":"","overlay-color":"","overlay-opacity":"","overlay-gradient":""},"tablet":{"background-color":"","background-image":"","background-repeat":"repeat","background-position":"center center","background-size":"auto","background-attachment":"scroll","background-type":"","background-media":"","overlay-type":"","overlay-color":"","overlay-opacity":"","overlay-gradient":""},"mobile":{"background-color":"","background-image":"","background-repeat":"repeat","background-position":"center center","background-size":"auto","background-attachment":"scroll","background-type":"","background-media":"","overlay-type":"","overlay-color":"","overlay-opacity":"","overlay-gradient":""}},"ast-content-background-meta":{"desktop":{"background-color":"var(--ast-global-color-4)","background-image":"","background-repeat":"repeat","background-position":"center center","background-size":"auto","background-attachment":"scroll","background-type":"","background-media":"","overlay-type":"","overlay-color":"","overlay-opacity":"","overlay-gradient":""},"tablet":{"background-color":"var(--ast-global-color-4)","background-image":"","background-repeat":"repeat","background-position":"center center","background-size":"auto","background-attachment":"scroll","background-type":"","background-media":"","overlay-type":"","overlay-color":"","overlay-opacity":"","overlay-gradient":""},"mobile":{"background-color":"var(--ast-global-color-4)","background-image":"","background-repeat":"repeat","background-position":"center center","background-size":"auto","background-attachment":"scroll","background-type":"","background-media":"","overlay-type":"","overlay-color":"","overlay-opacity":"","overlay-gradient":""}},"footnotes":""},"class_list":["post-174","page","type-page","status-publish","hentry"],"_links":{"self":[{"href":"https:\/\/borkumer-wohnraumgenossenschaft.de\/index.php?rest_route=\/wp\/v2\/pages\/174","targetHints":{"allow":["GET"]}}],"collection":[{"href":"https:\/\/borkumer-wohnraumgenossenschaft.de\/index.php?rest_route=\/wp\/v2\/pages"}],"about":[{"href":"https:\/\/borkumer-wohnraumgenossenschaft.de\/index.php?rest_route=\/wp\/v2\/types\/page"}],"author":[{"embeddable":true,"href":"https:\/\/borkumer-wohnraumgenossenschaft.de\/index.php?rest_route=\/wp\/v2\/users\/1"}],"replies":[{"embeddable":true,"href":"https:\/\/borkumer-wohnraumgenossenschaft.de\/index.php?rest_route=%2Fwp%2Fv2%2Fcomments&post=174"}],"version-history":[{"count":13,"href":"https:\/\/borkumer-wohnraumgenossenschaft.de\/index.php?rest_route=\/wp\/v2\/pages\/174\/revisions"}],"predecessor-version":[{"id":841,"href":"https:\/\/borkumer-wohnraumgenossenschaft.de\/index.php?rest_route=\/wp\/v2\/pages\/174\/revisions\/841"}],"wp:attachment":[{"href":"https:\/\/borkumer-wohnraumgenossenschaft.de\/index.php?rest_route=%2Fwp%2Fv2%2Fmedia&parent=174"}],"curies":[{"name":"wp","href":"https:\/\/api.w.org\/{rel}","templated":true}]}}