{"id":181,"date":"2026-01-29T01:31:08","date_gmt":"2026-01-29T00:31:08","guid":{"rendered":"http:\/\/neu.borkumer-wohnraumgenossenschaft.de\/?page_id=181"},"modified":"2026-03-18T15:59:26","modified_gmt":"2026-03-18T14:59:26","slug":"merkmale","status":"publish","type":"page","link":"https:\/\/borkumer-wohnraumgenossenschaft.de\/?page_id=181","title":{"rendered":"Merkmale"},"content":{"rendered":"\t\t<div data-elementor-type=\"wp-page\" data-elementor-id=\"181\" class=\"elementor elementor-181\" data-elementor-post-type=\"page\">\n\t\t\t\t<div class=\"elementor-element elementor-element-2856faa e-flex e-con-boxed e-con e-parent\" data-id=\"2856faa\" data-element_type=\"container\" data-e-type=\"container\">\n\t\t\t\t\t<div class=\"e-con-inner\">\n\t\t\t\t<div class=\"elementor-element elementor-element-86125a0 elementor-widget elementor-widget-spacer\" data-id=\"86125a0\" data-element_type=\"widget\" data-e-type=\"widget\" data-widget_type=\"spacer.default\">\n\t\t\t\t\t\t\t<div class=\"elementor-spacer\">\n\t\t\t<div class=\"elementor-spacer-inner\"><\/div>\n\t\t<\/div>\n\t\t\t\t\t\t<\/div>\n\t\t\t\t\t<\/div>\n\t\t\t\t<\/div>\n\t\t<div class=\"elementor-element elementor-element-1864130 e-flex e-con-boxed e-con e-parent\" data-id=\"1864130\" data-element_type=\"container\" data-e-type=\"container\">\n\t\t\t\t\t<div class=\"e-con-inner\">\n\t\t\t\t<div class=\"elementor-element elementor-element-b39d02d elementor-widget elementor-widget-html\" data-id=\"b39d02d\" data-element_type=\"widget\" data-e-type=\"widget\" data-widget_type=\"html.default\">\n\t\t\t\t\t<section class=\"bw-section bw-features\" aria-labelledby=\"merkmale-heading\">\r\n  <div class=\"bw-section-inner bw-features-inner\">\r\n\r\n    <!-- \u00dcberschrift zentriert -->\r\n    <header class=\"bw-section-header bw-features-header\">\r\n      <div class=\"bw-section-title-wrap\">\r\n        <h2 id=\"merkmale-heading\">Merkmale<\/h2>\r\n      <\/div>\r\n      <p class=\"lead\">\r\n        Was unsere Genossenschaft auszeichnet \u2013 gemeinsam, solidarisch und auf langfristige Stabilit\u00e4t ausgerichtet.\r\n      <\/p>\r\n    <\/header>\r\n\r\n    <div class=\"feature\">\r\n      <h3>Risikominimierung<\/h3>\r\n      <p><em>Was einer nicht schafft, schaffen viele gemeinsam.<\/em><\/p>\r\n      <p>Genossenschaften reduzieren Risiken durch solidarische Verantwortung, Diversifikation, gemeinsame R\u00fccklagen und demokratische Kontrolle. Dadurch entstehen stabile Strukturen, die Belastungen auf viele Schultern verteilen und die Widerstandsf\u00e4higkeit erh\u00f6hen.<\/p>\r\n\r\n      <div class=\"callout\">\r\n        <strong>Haftung<\/strong>\r\n        <p>Jedes Mitglied haftet nur mit der eigenen Einlage. Unsere Satzung sieht in der aktuellen Fassung keine Nachschusspflicht vor.<\/p>\r\n      <\/div>\r\n    <\/div>\r\n\r\n    <div class=\"feature\">\r\n      <h3>Keine Gewinnmaximierung<\/h3>\r\n      <p>Die Genossenschaft arbeitet vorrangig f\u00fcr ihre Mitglieder \u2013 kostendeckend, nicht auf maximalen Profit ausgerichtet. Entstehen \u00dcbersch\u00fcsse, werden diese entweder als Dividende an die Mitglieder verteilt oder f\u00fcr zuk\u00fcnftige Investitionen zur\u00fcckgestellt. Die endg\u00fcltige Entscheidung \u00fcber die Verwendung trifft die Generalversammlung.<\/p>\r\n    <\/div>\r\n\r\n    <div class=\"feature\">\r\n      <h3>Von der Insel \u2013 f\u00fcr die Insel<\/h3>\r\n      <p>Geschaffene Werte bleiben auf Borkum erhalten und f\u00f6rdern das insulare Leben nachhaltig und langfristig.<\/p>\r\n    <\/div>\r\n\r\n    <div class=\"feature\">\r\n      <h3>Demokratieprinzip<\/h3>\r\n      <p>Entscheidungen folgen dem Prinzip \u201eein Mitglied, eine Stimme\u201c \u2013 unabh\u00e4ngig von der H\u00f6he der Kapitaleinlage. So bleibt die Mitsprache aller Mitglieder gewahrt.<\/p>\r\n    <\/div>\r\n\r\n    <div class=\"feature\">\r\n      <h3>Eigene Verwaltung &amp; Transparenz<\/h3>\r\n      <p>Die Genossenschaft wird durch den Vorstand gef\u00fchrt; der Aufsichtsrat pr\u00fcft und \u00fcberwacht dessen T\u00e4tigkeiten. Die Mitglieder des Aufsichtsrats werden von der Generalversammlung gew\u00e4hlt \u2013 Transparenz ist ein zentrales Merkmal.<\/p>\r\n    <\/div>\r\n\r\n    <p class=\"muted\">\r\n      Weitere Informationen zu Struktur und Rechten der Mitglieder finden Sie in unserer Satzung und den Organen der Genossenschaft.\r\n    <\/p>\r\n\r\n  <\/div>\r\n<\/section>\r\n\t\t\t\t<\/div>\n\t\t\t\t\t<\/div>\n\t\t\t\t<\/div>\n\t\t<div class=\"elementor-element elementor-element-9db2ed9 e-flex e-con-boxed e-con e-parent\" data-id=\"9db2ed9\" data-element_type=\"container\" data-e-type=\"container\">\n\t\t\t\t\t<div class=\"e-con-inner\">\n\t\t\t\t<div class=\"elementor-element elementor-element-c7f32cc elementor-widget elementor-widget-spacer\" data-id=\"c7f32cc\" data-element_type=\"widget\" data-e-type=\"widget\" data-widget_type=\"spacer.default\">\n\t\t\t\t\t\t\t<div class=\"elementor-spacer\">\n\t\t\t<div class=\"elementor-spacer-inner\"><\/div>\n\t\t<\/div>\n\t\t\t\t\t\t<\/div>\n\t\t\t\t\t<\/div>\n\t\t\t\t<\/div>\n\t\t\t\t<\/div>\n\t\t","protected":false},"excerpt":{"rendered":"<p>Merkmale Was unsere Genossenschaft auszeichnet \u2013 gemeinsam, solidarisch und auf langfristige Stabilit\u00e4t ausgerichtet. Risikominimierung Was einer nicht schafft, schaffen viele [&hellip;]<\/p>\n","protected":false},"author":1,"featured_media":0,"parent":0,"menu_order":0,"comment_status":"closed","ping_status":"closed","template":"elementor_header_footer","meta":{"site-sidebar-layout":"no-sidebar","site-content-layout":"","ast-site-content-layout":"full-width-container","site-content-style":"default","site-sidebar-style":"default","ast-global-header-display":"","ast-banner-title-visibility":"","ast-main-header-display":"","ast-hfb-above-header-display":"","ast-hfb-below-header-display":"","ast-hfb-mobile-header-display":"","site-post-title":"","ast-breadcrumbs-content":"","ast-featured-img":"disabled","footer-sml-layout":"","ast-disable-related-posts":"","theme-transparent-header-meta":"","adv-header-id-meta":"","stick-header-meta":"","header-above-stick-meta":"","header-main-stick-meta":"","header-below-stick-meta":"","astra-migrate-meta-layouts":"default","ast-page-background-enabled":"default","ast-page-background-meta":{"desktop":{"background-color":"var(--ast-global-color-5)","background-image":"","background-repeat":"repeat","background-position":"center center","background-size":"auto","background-attachment":"scroll","background-type":"","background-media":"","overlay-type":"","overlay-color":"","overlay-opacity":"","overlay-gradient":""},"tablet":{"background-color":"","background-image":"","background-repeat":"repeat","background-position":"center center","background-size":"auto","background-attachment":"scroll","background-type":"","background-media":"","overlay-type":"","overlay-color":"","overlay-opacity":"","overlay-gradient":""},"mobile":{"background-color":"","background-image":"","background-repeat":"repeat","background-position":"center center","background-size":"auto","background-attachment":"scroll","background-type":"","background-media":"","overlay-type":"","overlay-color":"","overlay-opacity":"","overlay-gradient":""}},"ast-content-background-meta":{"desktop":{"background-color":"var(--ast-global-color-4)","background-image":"","background-repeat":"repeat","background-position":"center center","background-size":"auto","background-attachment":"scroll","background-type":"","background-media":"","overlay-type":"","overlay-color":"","overlay-opacity":"","overlay-gradient":""},"tablet":{"background-color":"var(--ast-global-color-4)","background-image":"","background-repeat":"repeat","background-position":"center center","background-size":"auto","background-attachment":"scroll","background-type":"","background-media":"","overlay-type":"","overlay-color":"","overlay-opacity":"","overlay-gradient":""},"mobile":{"background-color":"var(--ast-global-color-4)","background-image":"","background-repeat":"repeat","background-position":"center center","background-size":"auto","background-attachment":"scroll","background-type":"","background-media":"","overlay-type":"","overlay-color":"","overlay-opacity":"","overlay-gradient":""}},"footnotes":""},"class_list":["post-181","page","type-page","status-publish","hentry"],"_links":{"self":[{"href":"https:\/\/borkumer-wohnraumgenossenschaft.de\/index.php?rest_route=\/wp\/v2\/pages\/181","targetHints":{"allow":["GET"]}}],"collection":[{"href":"https:\/\/borkumer-wohnraumgenossenschaft.de\/index.php?rest_route=\/wp\/v2\/pages"}],"about":[{"href":"https:\/\/borkumer-wohnraumgenossenschaft.de\/index.php?rest_route=\/wp\/v2\/types\/page"}],"author":[{"embeddable":true,"href":"https:\/\/borkumer-wohnraumgenossenschaft.de\/index.php?rest_route=\/wp\/v2\/users\/1"}],"replies":[{"embeddable":true,"href":"https:\/\/borkumer-wohnraumgenossenschaft.de\/index.php?rest_route=%2Fwp%2Fv2%2Fcomments&post=181"}],"version-history":[{"count":13,"href":"https:\/\/borkumer-wohnraumgenossenschaft.de\/index.php?rest_route=\/wp\/v2\/pages\/181\/revisions"}],"predecessor-version":[{"id":838,"href":"https:\/\/borkumer-wohnraumgenossenschaft.de\/index.php?rest_route=\/wp\/v2\/pages\/181\/revisions\/838"}],"wp:attachment":[{"href":"https:\/\/borkumer-wohnraumgenossenschaft.de\/index.php?rest_route=%2Fwp%2Fv2%2Fmedia&parent=181"}],"curies":[{"name":"wp","href":"https:\/\/api.w.org\/{rel}","templated":true}]}}