{"id":186,"date":"2026-01-29T01:33:10","date_gmt":"2026-01-29T00:33:10","guid":{"rendered":"http:\/\/neu.borkumer-wohnraumgenossenschaft.de\/?page_id=186"},"modified":"2026-03-18T15:52:28","modified_gmt":"2026-03-18T14:52:28","slug":"mitgliedermodelle","status":"publish","type":"page","link":"https:\/\/borkumer-wohnraumgenossenschaft.de\/?page_id=186","title":{"rendered":"Mitgliedermodelle"},"content":{"rendered":"\t\t<div data-elementor-type=\"wp-page\" data-elementor-id=\"186\" class=\"elementor elementor-186\" data-elementor-post-type=\"page\">\n\t\t\t\t<div class=\"elementor-element elementor-element-636978e e-flex e-con-boxed e-con e-parent\" data-id=\"636978e\" data-element_type=\"container\" data-e-type=\"container\">\n\t\t\t\t\t<div class=\"e-con-inner\">\n\t\t\t\t<div class=\"elementor-element elementor-element-d877b7a elementor-widget elementor-widget-spacer\" data-id=\"d877b7a\" data-element_type=\"widget\" data-e-type=\"widget\" data-widget_type=\"spacer.default\">\n\t\t\t\t\t\t\t<div class=\"elementor-spacer\">\n\t\t\t<div class=\"elementor-spacer-inner\"><\/div>\n\t\t<\/div>\n\t\t\t\t\t\t<\/div>\n\t\t\t\t\t<\/div>\n\t\t\t\t<\/div>\n\t\t<div class=\"elementor-element elementor-element-f07c1c3 e-flex e-con-boxed e-con e-parent\" data-id=\"f07c1c3\" data-element_type=\"container\" data-e-type=\"container\">\n\t\t\t\t\t<div class=\"e-con-inner\">\n\t\t\t\t<div class=\"elementor-element elementor-element-ae083e5 elementor-widget elementor-widget-html\" data-id=\"ae083e5\" data-element_type=\"widget\" data-e-type=\"widget\" data-widget_type=\"html.default\">\n\t\t\t\t\t<section class=\"bw-section bw-members\" aria-labelledby=\"mitglieder-heading\">\r\n  <div class=\"bw-section-inner bw-members-inner\">\r\n\r\n    <!-- \u00dcberschrift zentriert -->\r\n    <header class=\"bw-section-header bw-members-header\">\r\n      <div class=\"bw-section-title-wrap\">\r\n        <h2 id=\"mitglieder-heading\">Mitgliedermodelle<\/h2>\r\n      <\/div>\r\n      <p class=\"lead\">\r\n        Ob ordentliches oder investierendes Mitglied \u2013 beide Modelle unterst\u00fctzen die Genossenschaft\r\n        und tragen dazu bei, bezahlbaren Wohnraum auf Borkum zu sichern.\r\n      <\/p>\r\n    <\/header>\r\n\r\n    <div class=\"grid\" role=\"list\">\r\n      <article class=\"bw-card\" role=\"listitem\" aria-labelledby=\"ordentlich-heading\">\r\n        <h3 id=\"ordentlich-heading\">Ordentliches Mitglied<\/h3>\r\n        <ul>\r\n          <li><strong>Anrecht auf Wohnraum<\/strong><\/li>\r\n          <li>Dividende (abh\u00e4ngig vom Beschluss der Generalversammlung)<\/li>\r\n          <li>Stimmrecht auf der Generalversammlung<\/li>\r\n          \r\n        <\/ul>\r\n      <\/article>\r\n\r\n      <article class=\"bw-card\" role=\"listitem\" aria-labelledby=\"investierend-heading\">\r\n        <h3 id=\"investierend-heading\">Investierendes Mitglied<\/h3>\r\n        <ul>\r\n            <li>Interesse am F\u00f6rderzweck der Genossenschaft, aber kein eigener Bedarf an Wohnraum<\/li>\r\n          <li><strong>Kein Anrecht auf Wohnraum<\/strong><\/li>\r\n          <li>(H\u00f6here) Dividende (abh\u00e4ngig vom Beschluss der Generalversammlung)<\/li>\r\n          <li>Kein Stimmrecht auf der Generalversammlung<\/li>\r\n          \r\n          \r\n        <\/ul>\r\n      <\/article>\r\n    <\/div>\r\n\r\n    <div class=\"bw-note\" role=\"note\" aria-labelledby=\"kuendig-note\">\r\n      <strong id=\"kuendig-note\">Hinweis zu den K\u00fcndigungsfristen<\/strong>\r\n      <p>Eine l\u00e4ngere K\u00fcndigungsfrist schafft Planungssicherheit f\u00fcr der Genossenschaft und ihre Mitglieder. Genossenschaften planen h\u00e4ufig langfristige Projekte und Investitionen; eine stabile Mitgliederbasis erleichtert finanzielle und organisatorische Entscheidungen \u00fcber einen l\u00e4ngeren Horizont.<\/p>\r\n      <p>Die Frist sch\u00fctzt au\u00dferdem vor abrupten Abg\u00e4ngen mit hohen Kapitaleinlagen: K\u00fcndigt ein Mitglied mit gro\u00dfen Anteilen, hat die Genossenschaft 24 Monate Zeit, passende Finanzierungsalternativen zu finden. Das ist eine wichtige Schutzkomponente f\u00fcr die Solidit\u00e4t der Genossenschaft.<\/p>\r\n    <\/div>\r\n\r\n  <\/div>\r\n<\/section>\r\n\t\t\t\t<\/div>\n\t\t\t\t\t<\/div>\n\t\t\t\t<\/div>\n\t\t<div class=\"elementor-element elementor-element-c189e72 e-flex e-con-boxed e-con e-parent\" data-id=\"c189e72\" data-element_type=\"container\" data-e-type=\"container\">\n\t\t\t\t\t<div class=\"e-con-inner\">\n\t\t\t\t<div class=\"elementor-element elementor-element-3acce40 elementor-widget elementor-widget-spacer\" data-id=\"3acce40\" data-element_type=\"widget\" data-e-type=\"widget\" data-widget_type=\"spacer.default\">\n\t\t\t\t\t\t\t<div class=\"elementor-spacer\">\n\t\t\t<div class=\"elementor-spacer-inner\"><\/div>\n\t\t<\/div>\n\t\t\t\t\t\t<\/div>\n\t\t\t\t\t<\/div>\n\t\t\t\t<\/div>\n\t\t\t\t<\/div>\n\t\t","protected":false},"excerpt":{"rendered":"<p>Mitgliedermodelle Ob ordentliches oder investierendes Mitglied \u2013 beide Modelle unterst\u00fctzen die Genossenschaft und tragen dazu bei, bezahlbaren Wohnraum auf Borkum [&hellip;]<\/p>\n","protected":false},"author":1,"featured_media":0,"parent":0,"menu_order":0,"comment_status":"closed","ping_status":"closed","template":"elementor_header_footer","meta":{"site-sidebar-layout":"no-sidebar","site-content-layout":"","ast-site-content-layout":"full-width-container","site-content-style":"default","site-sidebar-style":"default","ast-global-header-display":"","ast-banner-title-visibility":"","ast-main-header-display":"","ast-hfb-above-header-display":"","ast-hfb-below-header-display":"","ast-hfb-mobile-header-display":"","site-post-title":"","ast-breadcrumbs-content":"","ast-featured-img":"disabled","footer-sml-layout":"","ast-disable-related-posts":"","theme-transparent-header-meta":"","adv-header-id-meta":"","stick-header-meta":"","header-above-stick-meta":"","header-main-stick-meta":"","header-below-stick-meta":"","astra-migrate-meta-layouts":"default","ast-page-background-enabled":"default","ast-page-background-meta":{"desktop":{"background-color":"var(--ast-global-color-5)","background-image":"","background-repeat":"repeat","background-position":"center center","background-size":"auto","background-attachment":"scroll","background-type":"","background-media":"","overlay-type":"","overlay-color":"","overlay-opacity":"","overlay-gradient":""},"tablet":{"background-color":"","background-image":"","background-repeat":"repeat","background-position":"center center","background-size":"auto","background-attachment":"scroll","background-type":"","background-media":"","overlay-type":"","overlay-color":"","overlay-opacity":"","overlay-gradient":""},"mobile":{"background-color":"","background-image":"","background-repeat":"repeat","background-position":"center center","background-size":"auto","background-attachment":"scroll","background-type":"","background-media":"","overlay-type":"","overlay-color":"","overlay-opacity":"","overlay-gradient":""}},"ast-content-background-meta":{"desktop":{"background-color":"var(--ast-global-color-4)","background-image":"","background-repeat":"repeat","background-position":"center center","background-size":"auto","background-attachment":"scroll","background-type":"","background-media":"","overlay-type":"","overlay-color":"","overlay-opacity":"","overlay-gradient":""},"tablet":{"background-color":"var(--ast-global-color-4)","background-image":"","background-repeat":"repeat","background-position":"center center","background-size":"auto","background-attachment":"scroll","background-type":"","background-media":"","overlay-type":"","overlay-color":"","overlay-opacity":"","overlay-gradient":""},"mobile":{"background-color":"var(--ast-global-color-4)","background-image":"","background-repeat":"repeat","background-position":"center center","background-size":"auto","background-attachment":"scroll","background-type":"","background-media":"","overlay-type":"","overlay-color":"","overlay-opacity":"","overlay-gradient":""}},"footnotes":""},"class_list":["post-186","page","type-page","status-publish","hentry"],"_links":{"self":[{"href":"https:\/\/borkumer-wohnraumgenossenschaft.de\/index.php?rest_route=\/wp\/v2\/pages\/186","targetHints":{"allow":["GET"]}}],"collection":[{"href":"https:\/\/borkumer-wohnraumgenossenschaft.de\/index.php?rest_route=\/wp\/v2\/pages"}],"about":[{"href":"https:\/\/borkumer-wohnraumgenossenschaft.de\/index.php?rest_route=\/wp\/v2\/types\/page"}],"author":[{"embeddable":true,"href":"https:\/\/borkumer-wohnraumgenossenschaft.de\/index.php?rest_route=\/wp\/v2\/users\/1"}],"replies":[{"embeddable":true,"href":"https:\/\/borkumer-wohnraumgenossenschaft.de\/index.php?rest_route=%2Fwp%2Fv2%2Fcomments&post=186"}],"version-history":[{"count":19,"href":"https:\/\/borkumer-wohnraumgenossenschaft.de\/index.php?rest_route=\/wp\/v2\/pages\/186\/revisions"}],"predecessor-version":[{"id":835,"href":"https:\/\/borkumer-wohnraumgenossenschaft.de\/index.php?rest_route=\/wp\/v2\/pages\/186\/revisions\/835"}],"wp:attachment":[{"href":"https:\/\/borkumer-wohnraumgenossenschaft.de\/index.php?rest_route=%2Fwp%2Fv2%2Fmedia&parent=186"}],"curies":[{"name":"wp","href":"https:\/\/api.w.org\/{rel}","templated":true}]}}