{"id":739,"date":"2026-02-17T21:15:38","date_gmt":"2026-02-17T20:15:38","guid":{"rendered":"http:\/\/neu.borkumer-wohnraumgenossenschaft.de\/?page_id=739"},"modified":"2026-02-17T21:16:10","modified_gmt":"2026-02-17T20:16:10","slug":"barrierefreiheit","status":"publish","type":"page","link":"https:\/\/borkumer-wohnraumgenossenschaft.de\/?page_id=739","title":{"rendered":"Barrierefreiheit"},"content":{"rendered":"\t\t<div data-elementor-type=\"wp-page\" data-elementor-id=\"739\" class=\"elementor elementor-739\" data-elementor-post-type=\"page\">\n\t\t\t\t<div class=\"elementor-element elementor-element-5b8c4ce e-flex e-con-boxed e-con e-parent\" data-id=\"5b8c4ce\" data-element_type=\"container\" data-e-type=\"container\">\n\t\t\t\t\t<div class=\"e-con-inner\">\n\t\t\t\t<div class=\"elementor-element elementor-element-841954c elementor-widget elementor-widget-spacer\" data-id=\"841954c\" data-element_type=\"widget\" data-e-type=\"widget\" data-widget_type=\"spacer.default\">\n\t\t\t\t\t\t\t<div class=\"elementor-spacer\">\n\t\t\t<div class=\"elementor-spacer-inner\"><\/div>\n\t\t<\/div>\n\t\t\t\t\t\t<\/div>\n\t\t\t\t\t<\/div>\n\t\t\t\t<\/div>\n\t\t<div class=\"elementor-element elementor-element-fa5f705 e-flex e-con-boxed e-con e-parent\" data-id=\"fa5f705\" data-element_type=\"container\" data-e-type=\"container\">\n\t\t\t\t\t<div class=\"e-con-inner\">\n\t\t\t\t<div class=\"elementor-element elementor-element-d2938f6 elementor-widget elementor-widget-html\" data-id=\"d2938f6\" data-element_type=\"widget\" data-e-type=\"widget\" data-widget_type=\"html.default\">\n\t\t\t\t\t<section class=\"bw-section bw-accessibility\" aria-labelledby=\"barriere-heading\">\r\n  <div class=\"bw-section-inner\">\r\n\r\n    <header class=\"bw-section-header\">\r\n      <div class=\"bw-section-title-wrap\">\r\n        <h2 id=\"barriere-heading\">Erkl\u00e4rung zur Barrierefreiheit<\/h2>\r\n      <\/div>\r\n      <p class=\"lead\">Informationen zur digitalen Barrierefreiheit der Borkumer Wohnraumgenossenschaft eG.<\/p>\r\n    <\/header>\r\n\r\n    <p>Die Borkumer Wohnraumgenossenschaft eG ist bem\u00fcht, ihre Website im Einklang mit den geltenden Rechtsvorschriften barrierefrei zug\u00e4nglich zu machen. Wir orientieren uns dabei an den technischen Standards der Web Content Accessibility Guidelines (WCAG).<\/p>\r\n\r\n    <h3>Stand der Vereinbarkeit mit den Anforderungen<\/h3>\r\n    <p>Diese Website befindet sich im Aufbau und wird schrittweise auf Barrierefreiheit gepr\u00fcft und verbessert. Teile des Angebots sind derzeit m\u00f6glicherweise noch nicht vollst\u00e4ndig barrierefrei.<\/p>\r\n\r\n    <h3>Bekannte Einschr\u00e4nkungen<\/h3>\r\n    <p>Folgende Barrieren sind derzeit bekannt:<\/p>\r\n    <ul>\r\n      <li>Nicht alle Bilder verf\u00fcgen bereits \u00fcber aussagekr\u00e4ftige Alternativtexte.<\/li>\r\n      <li>Kontraste einzelner Elemente k\u00f6nnen in Einzelf\u00e4llen noch unzureichend sein.<\/li>\r\n      <li>Die Tastaturbedienbarkeit und Screenreader\u2011Unterst\u00fctzung werden aktuell weiter verbessert.<\/li>\r\n    <\/ul>\r\n\r\n    <p>Wir arbeiten kontinuierlich daran, diese Barrieren zu reduzieren und die Zug\u00e4nglichkeit unseres Angebots zu verbessern.<\/p>\r\n\r\n    <h3>Kontakt und Feedback<\/h3>\r\n    <p>Wenn Sie auf Barrieren sto\u00dfen oder Anregungen zur Verbesserung der Barrierefreiheit haben, kontaktieren Sie uns bitte:<\/p>\r\n    <p><strong>Borkumer Wohnraumgenossenschaft eG<\/strong><br>\r\n    Olde Melkstee 10<br>\r\n    26757 Borkum<br>\r\n    E\u2011Mail: <a href=\"mailto:kontakt@borkumer-wohnraumgenossenschaft.de\">kontakt@borkumer-wohnraumgenossenschaft.de<\/a><\/p>\r\n\r\n    <h3>Durchsetzungsverfahren<\/h3>\r\n    <p>Sofern Sie der Ansicht sind, dass Ihre Hinweise nicht angemessen beantwortet wurden, k\u00f6nnen Sie sich an die zust\u00e4ndige Stelle f\u00fcr die Durchsetzung der Barrierefreiheit in Ihrem Bundesland wenden. Hinweise dazu finden Sie auf den Seiten der jeweiligen Landesbeh\u00f6rden.<\/p>\r\n\r\n  <\/div>\r\n<\/section>\r\n\t\t\t\t<\/div>\n\t\t\t\t\t<\/div>\n\t\t\t\t<\/div>\n\t\t\t\t<\/div>\n\t\t","protected":false},"excerpt":{"rendered":"<p>Erkl\u00e4rung zur Barrierefreiheit Informationen zur digitalen Barrierefreiheit der Borkumer Wohnraumgenossenschaft eG. Die Borkumer Wohnraumgenossenschaft eG ist bem\u00fcht, ihre Website im [&hellip;]<\/p>\n","protected":false},"author":1,"featured_media":0,"parent":0,"menu_order":0,"comment_status":"closed","ping_status":"closed","template":"elementor_header_footer","meta":{"site-sidebar-layout":"no-sidebar","site-content-layout":"","ast-site-content-layout":"full-width-container","site-content-style":"default","site-sidebar-style":"default","ast-global-header-display":"","ast-banner-title-visibility":"","ast-main-header-display":"","ast-hfb-above-header-display":"","ast-hfb-below-header-display":"","ast-hfb-mobile-header-display":"","site-post-title":"","ast-breadcrumbs-content":"","ast-featured-img":"disabled","footer-sml-layout":"","ast-disable-related-posts":"","theme-transparent-header-meta":"","adv-header-id-meta":"","stick-header-meta":"","header-above-stick-meta":"","header-main-stick-meta":"","header-below-stick-meta":"","astra-migrate-meta-layouts":"default","ast-page-background-enabled":"default","ast-page-background-meta":{"desktop":{"background-color":"var(--ast-global-color-5)","background-image":"","background-repeat":"repeat","background-position":"center center","background-size":"auto","background-attachment":"scroll","background-type":"","background-media":"","overlay-type":"","overlay-color":"","overlay-opacity":"","overlay-gradient":""},"tablet":{"background-color":"","background-image":"","background-repeat":"repeat","background-position":"center center","background-size":"auto","background-attachment":"scroll","background-type":"","background-media":"","overlay-type":"","overlay-color":"","overlay-opacity":"","overlay-gradient":""},"mobile":{"background-color":"","background-image":"","background-repeat":"repeat","background-position":"center center","background-size":"auto","background-attachment":"scroll","background-type":"","background-media":"","overlay-type":"","overlay-color":"","overlay-opacity":"","overlay-gradient":""}},"ast-content-background-meta":{"desktop":{"background-color":"var(--ast-global-color-4)","background-image":"","background-repeat":"repeat","background-position":"center center","background-size":"auto","background-attachment":"scroll","background-type":"","background-media":"","overlay-type":"","overlay-color":"","overlay-opacity":"","overlay-gradient":""},"tablet":{"background-color":"var(--ast-global-color-4)","background-image":"","background-repeat":"repeat","background-position":"center center","background-size":"auto","background-attachment":"scroll","background-type":"","background-media":"","overlay-type":"","overlay-color":"","overlay-opacity":"","overlay-gradient":""},"mobile":{"background-color":"var(--ast-global-color-4)","background-image":"","background-repeat":"repeat","background-position":"center center","background-size":"auto","background-attachment":"scroll","background-type":"","background-media":"","overlay-type":"","overlay-color":"","overlay-opacity":"","overlay-gradient":""}},"footnotes":""},"class_list":["post-739","page","type-page","status-publish","hentry"],"_links":{"self":[{"href":"https:\/\/borkumer-wohnraumgenossenschaft.de\/index.php?rest_route=\/wp\/v2\/pages\/739","targetHints":{"allow":["GET"]}}],"collection":[{"href":"https:\/\/borkumer-wohnraumgenossenschaft.de\/index.php?rest_route=\/wp\/v2\/pages"}],"about":[{"href":"https:\/\/borkumer-wohnraumgenossenschaft.de\/index.php?rest_route=\/wp\/v2\/types\/page"}],"author":[{"embeddable":true,"href":"https:\/\/borkumer-wohnraumgenossenschaft.de\/index.php?rest_route=\/wp\/v2\/users\/1"}],"replies":[{"embeddable":true,"href":"https:\/\/borkumer-wohnraumgenossenschaft.de\/index.php?rest_route=%2Fwp%2Fv2%2Fcomments&post=739"}],"version-history":[{"count":4,"href":"https:\/\/borkumer-wohnraumgenossenschaft.de\/index.php?rest_route=\/wp\/v2\/pages\/739\/revisions"}],"predecessor-version":[{"id":743,"href":"https:\/\/borkumer-wohnraumgenossenschaft.de\/index.php?rest_route=\/wp\/v2\/pages\/739\/revisions\/743"}],"wp:attachment":[{"href":"https:\/\/borkumer-wohnraumgenossenschaft.de\/index.php?rest_route=%2Fwp%2Fv2%2Fmedia&parent=739"}],"curies":[{"name":"wp","href":"https:\/\/api.w.org\/{rel}","templated":true}]}}